{"id":27,"date":"2025-04-08T18:20:21","date_gmt":"2025-04-08T18:20:21","guid":{"rendered":"https:\/\/firebrick-wren-557748.hostingersite.com\/?page_id=27"},"modified":"2025-06-23T14:10:38","modified_gmt":"2025-06-23T14:10:38","slug":"sobre","status":"publish","type":"page","link":"https:\/\/1quarto.com.br\/en\/sobre\/","title":{"rendered":"About"},"content":{"rendered":"<div data-elementor-type=\"wp-page\" data-elementor-id=\"27\" class=\"elementor elementor-27\">\n\t\t\t\t<div class=\"elementor-element elementor-element-ca4a153 e-flex e-con-boxed e-con e-parent\" data-id=\"ca4a153\" data-element_type=\"container\" data-e-type=\"container\" data-settings=\"{&quot;background_background&quot;:&quot;classic&quot;}\">\n\t\t\t\t\t<div class=\"e-con-inner\">\n\t\t\t\t<div class=\"elementor-element elementor-element-79339ac elementor-widget elementor-widget-heading\" data-id=\"79339ac\" data-element_type=\"widget\" data-e-type=\"widget\" data-widget_type=\"heading.default\">\n\t\t\t\t<div class=\"elementor-widget-container\">\n\t\t\t\t\t<h2 class=\"elementor-heading-title elementor-size-default\">About 1Quarto<\/h2>\t\t\t\t<\/div>\n\t\t\t\t<\/div>\n\t\t\t\t<div class=\"elementor-element elementor-element-8ee8b19 elementor-widget__width-initial elementor-widget elementor-widget-text-editor\" data-id=\"8ee8b19\" data-element_type=\"widget\" data-e-type=\"widget\" data-widget_type=\"text-editor.default\">\n\t\t\t\t<div class=\"elementor-widget-container\">\n\t\t\t\t\t\t\t\t\t<p>Nos destacamos por oferecer im\u00f3veis de 1Quarto cuidadosamente selecionados e localizados em regi\u00f5es estrat\u00e9gicas de Alphaville \u2013 Nova Lima e Belo Horizonte-MG.<\/p>\n<p><span style=\"font-size: 1rem;\">Essa escolha proporciona aos nossos h\u00f3spedes uma experi\u00eancia combinando praticidade na loca\u00e7\u00e3o, conforto e custos acess\u00edveis. Nosso portf\u00f3lio conta com unidades que garantem f\u00e1cil acesso e mobilidade para quem busca conveni\u00eancia com qualidade em curta e media estadia nestas regi\u00f5es.<\/span><\/p>\n<p>Com uma abordagem moderna de agendamento, a 1Quarto permite que voc\u00ea antecipe sua reserva a m\u00e9dio prazo de acordo com sua necessidade e conveni\u00eancia tornando sua experi\u00eancia ainda mais personalizada e pr\u00e1tica.<\/p>\n<p><strong>Como Funciona 1Quarto: <\/strong><\/p>\n<p>Reservas de curta temporada: As consultas e reservas devem ser feitas atrav\u00e9s do parceiro Airbnb, onde nossas solu\u00e7\u00f5es est\u00e3o dispon\u00edveis.<\/p>\n<p>Reservas de media temporada: As consultas e reservas podem ser feitas atrav\u00e9s do nosso site <strong><a href=\"https:\/\/1quarto.com.br\/en\/reservas\/\">1quarto.com.br<\/a><\/strong>, inserindo as datas e per\u00edodos de sua necessidade, a sua solicita\u00e7\u00e3o ser\u00e1 encaminhada para analise de disponibilidade.<\/p>\t\t\t\t\t\t\t\t<\/div>\n\t\t\t\t<\/div>\n\t\t\t\t<div class=\"elementor-element elementor-element-b968247 elementor-widget-divider--view-line_icon elementor-view-default elementor-widget-divider--element-align-center elementor-widget elementor-widget-divider\" data-id=\"b968247\" data-element_type=\"widget\" data-e-type=\"widget\" data-widget_type=\"divider.default\">\n\t\t\t\t<div class=\"elementor-widget-container\">\n\t\t\t\t\t\t\t<div class=\"elementor-divider\">\n\t\t\t<span class=\"elementor-divider-separator\">\n\t\t\t\t\t\t\t<div class=\"elementor-icon elementor-divider__element\">\n\t\t\t\t\t<svg aria-hidden=\"true\" class=\"e-font-icon-svg e-fas-store-alt\" viewbox=\"0 0 640 512\" xmlns=\"http:\/\/www.w3.org\/2000\/svg\"><path d=\"M320 384H128V224H64v256c0 17.7 14.3 32 32 32h256c17.7 0 32-14.3 32-32V224h-64v160zm314.6-241.8l-85.3-128c-6-8.9-16-14.2-26.7-14.2H117.4c-10.7 0-20.7 5.3-26.6 14.2l-85.3 128c-14.2 21.3 1 49.8 26.6 49.8H608c25.5 0 40.7-28.5 26.6-49.8zM512 496c0 8.8 7.2 16 16 16h32c8.8 0 16-7.2 16-16V224h-64v272z\"><\/path><\/svg><\/div>\n\t\t\t\t\t\t<\/span>\n\t\t<\/div>\n\t\t\t\t\t\t<\/div>\n\t\t\t\t<\/div>\n\t\t\t\t<div class=\"elementor-element elementor-element-c3de036 elementor-widget elementor-widget-heading\" data-id=\"c3de036\" data-element_type=\"widget\" data-e-type=\"widget\" data-widget_type=\"heading.default\">\n\t\t\t\t<div class=\"elementor-widget-container\">\n\t\t\t\t\t<h2 class=\"elementor-heading-title elementor-size-default\">Partner Real Estate Agencies<\/h2>\t\t\t\t<\/div>\n\t\t\t\t<\/div>\n\t\t\t\t\t<\/div>\n\t\t\t\t<\/div>\n\t\t<div class=\"elementor-element elementor-element-f5710fc e-flex e-con-boxed e-con e-parent\" data-id=\"f5710fc\" data-element_type=\"container\" data-e-type=\"container\" data-settings=\"{&quot;background_background&quot;:&quot;classic&quot;}\">\n\t\t\t\t\t<div class=\"e-con-inner\">\n\t\t<div class=\"elementor-element elementor-element-5fc302b e-con-full e-flex e-con e-child\" data-id=\"5fc302b\" data-element_type=\"container\" data-e-type=\"container\">\n\t\t\t\t<div class=\"elementor-element elementor-element-24ef69c elementor-widget elementor-widget-heading\" data-id=\"24ef69c\" data-element_type=\"widget\" data-e-type=\"widget\" data-widget_type=\"heading.default\">\n\t\t\t\t<div class=\"elementor-widget-container\">\n\t\t\t\t\t<h2 class=\"elementor-heading-title elementor-size-default\">Alphaville<\/h2>\t\t\t\t<\/div>\n\t\t\t\t<\/div>\n\t\t<div class=\"elementor-element elementor-element-01a5b68 e-con-full e-flex e-con e-child\" data-id=\"01a5b68\" data-element_type=\"container\" data-e-type=\"container\">\n\t\t\t\t<div class=\"elementor-element elementor-element-f405b1a elementor-widget__width-initial elementor-widget-mobile__width-initial elementor-widget elementor-widget-image\" data-id=\"f405b1a\" data-element_type=\"widget\" data-e-type=\"widget\" data-widget_type=\"image.default\">\n\t\t\t\t<div class=\"elementor-widget-container\">\n\t\t\t\t\t\t\t\t\t\t\t\t\t\t\t\t<a href=\"https:\/\/colenimoveis.com.br\/\">\n\t\t\t\t\t\t\t<img fetchpriority=\"high\" decoding=\"async\" width=\"800\" height=\"800\" src=\"https:\/\/1quarto.com.br\/wp-content\/uploads\/2025\/05\/2-1-1024x1024.png\" class=\"elementor-animation-pop attachment-large size-large wp-image-622\" alt=\"\" srcset=\"https:\/\/1quarto.com.br\/wp-content\/uploads\/2025\/05\/2-1-1024x1024.png 1024w, https:\/\/1quarto.com.br\/wp-content\/uploads\/2025\/05\/2-1-300x300.png 300w, https:\/\/1quarto.com.br\/wp-content\/uploads\/2025\/05\/2-1-150x150.png 150w, https:\/\/1quarto.com.br\/wp-content\/uploads\/2025\/05\/2-1-768x768.png 768w, https:\/\/1quarto.com.br\/wp-content\/uploads\/2025\/05\/2-1.png 1080w\" sizes=\"(max-width: 800px) 100vw, 800px\" \/>\t\t\t\t\t\t\t\t<\/a>\n\t\t\t\t\t\t\t\t\t\t\t\t\t\t\t<\/div>\n\t\t\t\t<\/div>\n\t\t\t\t<div class=\"elementor-element elementor-element-979f4ca elementor-widget__width-initial elementor-widget-mobile__width-initial elementor-widget elementor-widget-image\" data-id=\"979f4ca\" data-element_type=\"widget\" data-e-type=\"widget\" data-widget_type=\"image.default\">\n\t\t\t\t<div class=\"elementor-widget-container\">\n\t\t\t\t\t\t\t\t\t\t\t\t\t\t\t\t<a href=\"https:\/\/www.alphasulmg.com.br\/\">\n\t\t\t\t\t\t\t<img decoding=\"async\" width=\"800\" height=\"800\" src=\"https:\/\/1quarto.com.br\/wp-content\/uploads\/2025\/05\/3-1024x1024.png\" class=\"elementor-animation-pop attachment-large size-large wp-image-623\" alt=\"\" srcset=\"https:\/\/1quarto.com.br\/wp-content\/uploads\/2025\/05\/3-1024x1024.png 1024w, https:\/\/1quarto.com.br\/wp-content\/uploads\/2025\/05\/3-300x300.png 300w, https:\/\/1quarto.com.br\/wp-content\/uploads\/2025\/05\/3-150x150.png 150w, https:\/\/1quarto.com.br\/wp-content\/uploads\/2025\/05\/3-768x768.png 768w, https:\/\/1quarto.com.br\/wp-content\/uploads\/2025\/05\/3.png 1080w\" sizes=\"(max-width: 800px) 100vw, 800px\" \/>\t\t\t\t\t\t\t\t<\/a>\n\t\t\t\t\t\t\t\t\t\t\t\t\t\t\t<\/div>\n\t\t\t\t<\/div>\n\t\t\t\t<\/div>\n\t\t\t\t<\/div>\n\t\t<div class=\"elementor-element elementor-element-2796bd1 e-con-full e-flex e-con e-child\" data-id=\"2796bd1\" data-element_type=\"container\" data-e-type=\"container\">\n\t\t\t\t<div class=\"elementor-element elementor-element-fb0dc95 elementor-widget elementor-widget-heading\" data-id=\"fb0dc95\" data-element_type=\"widget\" data-e-type=\"widget\" data-widget_type=\"heading.default\">\n\t\t\t\t<div class=\"elementor-widget-container\">\n\t\t\t\t\t<h2 class=\"elementor-heading-title elementor-size-default\">Belo Horizonte<\/h2>\t\t\t\t<\/div>\n\t\t\t\t<\/div>\n\t\t\t\t<div class=\"elementor-element elementor-element-0cc263e elementor-widget__width-initial elementor-widget-mobile__width-initial elementor-widget elementor-widget-image\" data-id=\"0cc263e\" data-element_type=\"widget\" data-e-type=\"widget\" data-widget_type=\"image.default\">\n\t\t\t\t<div class=\"elementor-widget-container\">\n\t\t\t\t\t\t\t\t\t\t\t\t\t\t\t\t<a href=\"https:\/\/julianaconsultoriaimob.site.arboimoveis.com.br\/\">\n\t\t\t\t\t\t\t<img decoding=\"async\" width=\"300\" height=\"300\" src=\"https:\/\/1quarto.com.br\/wp-content\/uploads\/2025\/05\/1-1-300x300.png\" class=\"elementor-animation-pop attachment-medium size-medium wp-image-621\" alt=\"\" srcset=\"https:\/\/1quarto.com.br\/wp-content\/uploads\/2025\/05\/1-1-300x300.png 300w, https:\/\/1quarto.com.br\/wp-content\/uploads\/2025\/05\/1-1-1024x1024.png 1024w, https:\/\/1quarto.com.br\/wp-content\/uploads\/2025\/05\/1-1-150x150.png 150w, https:\/\/1quarto.com.br\/wp-content\/uploads\/2025\/05\/1-1-768x768.png 768w, https:\/\/1quarto.com.br\/wp-content\/uploads\/2025\/05\/1-1.png 1080w\" sizes=\"(max-width: 300px) 100vw, 300px\" \/>\t\t\t\t\t\t\t\t<\/a>\n\t\t\t\t\t\t\t\t\t\t\t\t\t\t\t<\/div>\n\t\t\t\t<\/div>\n\t\t\t\t<\/div>\n\t\t\t\t\t<\/div>\n\t\t\t\t<\/div>\n\t\t<div class=\"elementor-element elementor-element-2b1676f e-flex e-con-boxed e-con e-parent\" data-id=\"2b1676f\" data-element_type=\"container\" data-e-type=\"container\" data-settings=\"{&quot;background_background&quot;:&quot;classic&quot;}\">\n\t\t\t\t\t<div class=\"e-con-inner\">\n\t\t\t\t<div class=\"elementor-element elementor-element-2be265e elementor-widget elementor-widget-heading\" data-id=\"2be265e\" data-element_type=\"widget\" data-e-type=\"widget\" data-widget_type=\"heading.default\">\n\t\t\t\t<div class=\"elementor-widget-container\">\n\t\t\t\t\t<h2 class=\"elementor-heading-title elementor-size-default\">When you choose 1Quarto, you're opting for a service that values excellence in location, property amenities, and ease of rental. Discover a new way to stay comfortably, enjoying all the comfort our units offer.<\/h2>\t\t\t\t<\/div>\n\t\t\t\t<\/div>\n\t\t\t\t\t<\/div>\n\t\t\t\t<\/div>\n\t\t\t\t<\/div>","protected":false},"excerpt":{"rendered":"<p>Sobre a 1Quarto Nos destacamos por oferecer im\u00f3veis de 1Quarto cuidadosamente selecionados e localizados em regi\u00f5es estrat\u00e9gicas de Alphaville \u2013 Nova Lima e Belo Horizonte-MG. Essa escolha proporciona aos nossos h\u00f3spedes uma experi\u00eancia combinando praticidade na loca\u00e7\u00e3o, conforto e custos acess\u00edveis. Nosso portf\u00f3lio conta com unidades que garantem f\u00e1cil acesso e mobilidade para quem busca [&hellip;]<\/p>","protected":false},"author":1,"featured_media":0,"parent":0,"menu_order":0,"comment_status":"closed","ping_status":"closed","template":"elementor_header_footer","meta":{"footnotes":""},"class_list":["post-27","page","type-page","status-publish","hentry"],"_links":{"self":[{"href":"https:\/\/1quarto.com.br\/en\/wp-json\/wp\/v2\/pages\/27","targetHints":{"allow":["GET"]}}],"collection":[{"href":"https:\/\/1quarto.com.br\/en\/wp-json\/wp\/v2\/pages"}],"about":[{"href":"https:\/\/1quarto.com.br\/en\/wp-json\/wp\/v2\/types\/page"}],"author":[{"embeddable":true,"href":"https:\/\/1quarto.com.br\/en\/wp-json\/wp\/v2\/users\/1"}],"replies":[{"embeddable":true,"href":"https:\/\/1quarto.com.br\/en\/wp-json\/wp\/v2\/comments?post=27"}],"version-history":[{"count":206,"href":"https:\/\/1quarto.com.br\/en\/wp-json\/wp\/v2\/pages\/27\/revisions"}],"predecessor-version":[{"id":1313,"href":"https:\/\/1quarto.com.br\/en\/wp-json\/wp\/v2\/pages\/27\/revisions\/1313"}],"wp:attachment":[{"href":"https:\/\/1quarto.com.br\/en\/wp-json\/wp\/v2\/media?parent=27"}],"curies":[{"name":"wp","href":"https:\/\/api.w.org\/{rel}","templated":true}]}}